{"id":88724,"date":"2023-06-08T22:46:17","date_gmt":"2023-06-08T15:46:17","guid":{"rendered":"https:\/\/www.vcgamers.com\/news\/?page_id=88724"},"modified":"2024-09-24T14:11:14","modified_gmt":"2024-09-24T07:11:14","slug":"verkauferanfrage","status":"publish","type":"page","link":"https:\/\/www.vcgamers.com\/news\/de\/seller-request\/","title":{"rendered":"Verk\u00e4uferanfragen"},"content":{"rendered":"\t\t<div data-elementor-type=\"wp-page\" data-elementor-id=\"88724\" class=\"elementor elementor-88724\" data-elementor-post-type=\"page\">\n\t\t\t\t\t\t<section class=\"elementor-section elementor-top-section elementor-element elementor-element-6309282 elementor-section-boxed elementor-section-height-default elementor-section-height-default\" data-id=\"6309282\" data-element_type=\"section\" data-e-type=\"section\">\n\t\t\t\t\t\t<div class=\"elementor-container elementor-column-gap-default\">\n\t\t\t\t\t<div class=\"elementor-column elementor-col-100 elementor-top-column elementor-element elementor-element-b7fce5a\" data-id=\"b7fce5a\" data-element_type=\"column\" data-e-type=\"column\">\n\t\t\t<div class=\"elementor-widget-wrap elementor-element-populated\">\n\t\t\t\t\t\t<section class=\"elementor-section elementor-inner-section elementor-element elementor-element-5417174 elementor-section-boxed elementor-section-height-default elementor-section-height-default\" data-id=\"5417174\" data-element_type=\"section\" data-e-type=\"section\">\n\t\t\t\t\t\t<div class=\"elementor-container elementor-column-gap-default\">\n\t\t\t\t\t<div class=\"elementor-column elementor-col-100 elementor-inner-column elementor-element elementor-element-6cb4573\" data-id=\"6cb4573\" data-element_type=\"column\" data-e-type=\"column\" data-settings=\"{&quot;background_background&quot;:&quot;classic&quot;}\">\n\t\t\t<div class=\"elementor-widget-wrap elementor-element-populated\">\n\t\t\t\t\t\t<div class=\"elementor-element elementor-element-2019a7d elementor-widget elementor-widget-image\" data-id=\"2019a7d\" data-element_type=\"widget\" data-e-type=\"widget\" data-widget_type=\"image.default\">\n\t\t\t\t<div class=\"elementor-widget-container\">\n\t\t\t\t\t\t\t\t\t\t\t\t\t\t\t<img decoding=\"async\" width=\"250\" height=\"46\" src=\"https:\/\/www.vcgamers.com\/news\/wp-content\/uploads\/2022\/02\/logo-vcg-dark.png\" class=\"attachment-full size-full wp-image-43642\" alt=\"Logo Dark VCGamers\" \/>\t\t\t\t\t\t\t\t\t\t\t\t\t\t\t<\/div>\n\t\t\t\t<\/div>\n\t\t\t\t\t<\/div>\n\t\t<\/div>\n\t\t\t\t\t<\/div>\n\t\t<\/section>\n\t\t\t\t<section class=\"elementor-section elementor-inner-section elementor-element elementor-element-70ac373 elementor-section-boxed elementor-section-height-default elementor-section-height-default\" data-id=\"70ac373\" data-element_type=\"section\" data-e-type=\"section\">\n\t\t\t\t\t\t<div class=\"elementor-container elementor-column-gap-default\">\n\t\t\t\t\t<div class=\"elementor-column elementor-col-100 elementor-inner-column elementor-element elementor-element-37cd56c\" data-id=\"37cd56c\" data-element_type=\"column\" data-e-type=\"column\">\n\t\t\t<div class=\"elementor-widget-wrap elementor-element-populated\">\n\t\t\t\t\t\t<div class=\"elementor-element elementor-element-039ae90 elementor-widget elementor-widget-heading\" data-id=\"039ae90\" data-element_type=\"widget\" data-e-type=\"widget\" data-widget_type=\"heading.default\">\n\t\t\t\t<div class=\"elementor-widget-container\">\n\t\t\t\t\t<span class=\"elementor-heading-title elementor-size-default\">Laporan Penjualan Seller<\/span>\t\t\t\t<\/div>\n\t\t\t\t<\/div>\n\t\t\t\t<div class=\"elementor-element elementor-element-5ebbd90 elementor-widget elementor-widget-heading\" data-id=\"5ebbd90\" data-element_type=\"widget\" data-e-type=\"widget\" data-widget_type=\"heading.default\">\n\t\t\t\t<div class=\"elementor-widget-container\">\n\t\t\t\t\t<span class=\"elementor-heading-title elementor-size-default\">Mohon diisi data toko dengan sesuai, data toko yang tidak sesuai, maka permintaan tidak dapat diproses<\/span>\t\t\t\t<\/div>\n\t\t\t\t<\/div>\n\t\t\t\t\t<\/div>\n\t\t<\/div>\n\t\t\t\t\t<\/div>\n\t\t<\/section>\n\t\t\t\t<section class=\"elementor-section elementor-inner-section elementor-element elementor-element-4204a58 elementor-section-boxed elementor-section-height-default elementor-section-height-default\" data-id=\"4204a58\" data-element_type=\"section\" data-e-type=\"section\">\n\t\t\t\t\t\t<div class=\"elementor-container elementor-column-gap-default\">\n\t\t\t\t\t<div class=\"elementor-column elementor-col-100 elementor-inner-column elementor-element elementor-element-2bd55bc\" data-id=\"2bd55bc\" data-element_type=\"column\" data-e-type=\"column\">\n\t\t\t<div class=\"elementor-widget-wrap elementor-element-populated\">\n\t\t\t\t\t\t<div class=\"elementor-element elementor-element-14cc04e elementor-widget elementor-widget-wpforms\" data-id=\"14cc04e\" data-element_type=\"widget\" data-e-type=\"widget\" data-widget_type=\"wpforms.default\">\n\t\t\t\t<div class=\"elementor-widget-container\">\n\t\t\t\t\t<div class=\"wpforms-container wpforms-container-full\" id=\"wpforms-88137\"><form id=\"wpforms-form-88137\" class=\"wpforms-validate wpforms-form wpforms-ajax-form\" data-formid=\"88137\" method=\"post\" enctype=\"multipart\/form-data\" action=\"\/news\/de\/wp-json\/wp\/v2\/pages\/88724\" data-token=\"7858639d944a835555f5180816067c21\"><noscript class=\"wpforms-error-noscript\">Bitte aktiviere JavaScript in deinem Browser, um dieses Formular fertigzustellen.<\/noscript><div class=\"wpforms-field-container\"><div id=\"wpforms-88137-field_10-container\" class=\"wpforms-field wpforms-field-name\" data-field-id=\"10\"><label class=\"wpforms-field-label\" for=\"wpforms-88137-field_10\">Nama Toko <span class=\"wpforms-required-label\">*<\/span><\/label><input type=\"text\" id=\"wpforms-88137-field_10\" class=\"wpforms-field-large wpforms-field-required\" name=\"wpforms[fields][10]\" placeholder=\"Nama toko terdaftar pada VCGamers\" required><\/div><div id=\"wpforms-88137-field_11-container\" class=\"wpforms-field wpforms-field-email\" data-field-id=\"11\"><label class=\"wpforms-field-label\" for=\"wpforms-88137-field_11\">Email <span class=\"wpforms-required-label\">*<\/span><\/label><div class=\"wpforms-field-row wpforms-field-large\"><div class=\"wpforms-field-row-block wpforms-one-half wpforms-first\"><input type=\"email\" id=\"wpforms-88137-field_11\" class=\"wpforms-field-required wpforms-field-email-primary\" name=\"wpforms[fields][11][primary]\" placeholder=\"Email terdaftar pada VCGamers\" required><label for=\"wpforms-88137-field_11\" class=\"wpforms-field-sublabel after wpforms-sublabel-hide\">E-Mail-Adresse<\/label><\/div><div class=\"wpforms-field-row-block wpforms-one-half\"><input type=\"email\" id=\"wpforms-88137-field_11-secondary\" class=\"wpforms-field-email-secondary wpforms-field-required\" data-rule-confirm=\"#wpforms-88137-field_11\" name=\"wpforms[fields][11][secondary]\" placeholder=\"Konfirmasi email\" required><label for=\"wpforms-88137-field_11-secondary\" class=\"wpforms-field-sublabel after wpforms-sublabel-hide\">E-Mail best\u00e4tigen<\/label><\/div><\/div><\/div><div id=\"wpforms-88137-field_21-container\" class=\"wpforms-field wpforms-field-select wpforms-conditional-trigger wpforms-field-select-style-modern\" data-field-id=\"21\"><label class=\"wpforms-field-label\" for=\"wpforms-88137-field_21\">Bulan Data diminta <span class=\"wpforms-required-label\">*<\/span><\/label><select id=\"wpforms-88137-field_21\" class=\"wpforms-field-large wpforms-field-required choicesjs-select\" data-size-class=\"wpforms-field-row wpforms-field-large\" data-search-enabled=\"\" name=\"wpforms[fields][21]\" required=\"required\"><option value=\"\" class=\"placeholder\" disabled  selected='selected'>1 Bulan<\/option><option value=\"1 Bulan\" >1 Bulan<\/option><option value=\"2 Bulan\" >2 Bulan<\/option><option value=\"3 Bulan\" >3 Bulan<\/option><option value=\"4 Bulan\" >4 Bulan<\/option><option value=\"5 Bulan\" >5 Bulan<\/option><option value=\"6 Bulan\" >6 Bulan<\/option><\/select><\/div><div id=\"wpforms-88137-field_22-container\" class=\"wpforms-field wpforms-field-text wpforms-conditional-field wpforms-conditional-show\" data-field-id=\"22\" style=\"display:none;\"><label class=\"wpforms-field-label\" for=\"wpforms-88137-field_22\">1 Bulan <span class=\"wpforms-required-label\">*<\/span><\/label><input type=\"text\" id=\"wpforms-88137-field_22\" class=\"wpforms-field-large wpforms-field-required\" name=\"wpforms[fields][22]\" placeholder=\"Contoh: Juni\" required><\/div><div id=\"wpforms-88137-field_23-container\" class=\"wpforms-field wpforms-field-text wpforms-conditional-field wpforms-conditional-show\" data-field-id=\"23\" style=\"display:none;\"><label class=\"wpforms-field-label\" for=\"wpforms-88137-field_23\">2 Bulan <span class=\"wpforms-required-label\">*<\/span><\/label><input type=\"text\" id=\"wpforms-88137-field_23\" class=\"wpforms-field-large wpforms-field-required\" name=\"wpforms[fields][23]\" placeholder=\"Contoh: Mei, Juni\" required><\/div><div id=\"wpforms-88137-field_24-container\" class=\"wpforms-field wpforms-field-text wpforms-conditional-field wpforms-conditional-show\" data-field-id=\"24\" style=\"display:none;\"><label class=\"wpforms-field-label\" for=\"wpforms-88137-field_24\">3 Bulan <span class=\"wpforms-required-label\">*<\/span><\/label><input type=\"text\" id=\"wpforms-88137-field_24\" class=\"wpforms-field-large wpforms-field-required\" name=\"wpforms[fields][24]\" placeholder=\"Contoh: April, Mei, Juni\" required><\/div><div id=\"wpforms-88137-field_25-container\" class=\"wpforms-field wpforms-field-text wpforms-conditional-field wpforms-conditional-show\" data-field-id=\"25\" style=\"display:none;\"><label class=\"wpforms-field-label\" for=\"wpforms-88137-field_25\">4 Bulan <span class=\"wpforms-required-label\">*<\/span><\/label><input type=\"text\" id=\"wpforms-88137-field_25\" class=\"wpforms-field-large wpforms-field-required\" name=\"wpforms[fields][25]\" placeholder=\"Contoh: Maret, April, Mei, Juni\" required><\/div><div id=\"wpforms-88137-field_26-container\" class=\"wpforms-field wpforms-field-text wpforms-conditional-field wpforms-conditional-show\" data-field-id=\"26\" style=\"display:none;\"><label class=\"wpforms-field-label\" for=\"wpforms-88137-field_26\">5 Bulan <span class=\"wpforms-required-label\">*<\/span><\/label><input type=\"text\" id=\"wpforms-88137-field_26\" class=\"wpforms-field-large wpforms-field-required\" name=\"wpforms[fields][26]\" placeholder=\"Contoh: Februari, Maret, April, Mei, Juni\" required><\/div><div id=\"wpforms-88137-field_27-container\" class=\"wpforms-field wpforms-field-text wpforms-conditional-field wpforms-conditional-show\" data-field-id=\"27\" style=\"display:none;\"><label class=\"wpforms-field-label\" for=\"wpforms-88137-field_27\">6 Bulan <span class=\"wpforms-required-label\">*<\/span><\/label><input type=\"text\" id=\"wpforms-88137-field_27\" class=\"wpforms-field-large wpforms-field-required\" name=\"wpforms[fields][27]\" placeholder=\"Contoh: Januari, Februari, Maret, April, Mei, Juni\" required><\/div><\/div><div class=\"wpforms-recaptcha-container wpforms-is-recaptcha\"><div class=\"g-recaptcha\" data-sitekey=\"6LdPKpkhAAAAAPTLExix5VRLMeZTZhJa9-VX2AlD\"><\/div><input type=\"text\" name=\"g-recaptcha-hidden\" class=\"wpforms-recaptcha-hidden\" style=\"position:absolute!important;clip:rect(0,0,0,0)!important;height:1px!important;width:1px!important;border:0!important;overflow:hidden!important;padding:0!important;margin:0!important;\" required><\/div><div class=\"wpforms-submit-container\"><input type=\"hidden\" name=\"wpforms[id]\" value=\"88137\"><input type=\"hidden\" name=\"wpforms[author]\" value=\"2\"><button type=\"submit\" name=\"wpforms[submit]\" id=\"wpforms-submit-88137\" class=\"wpforms-submit\" data-alt-text=\"Sending...\" data-submit-text=\"Submit\" aria-live=\"assertive\" value=\"wpforms-submit\">Submit<\/button><img decoding=\"async\" src=\"https:\/\/www.vcgamers.com\/news\/wp-content\/plugins\/wpforms\/assets\/images\/submit-spin.svg\" class=\"wpforms-submit-spinner\" style=\"display: none;\" width=\"26\" height=\"26\" alt=\"\"><\/div><\/form><\/div>  <!-- .wpforms-container -->\t\t\t\t<\/div>\n\t\t\t\t<\/div>\n\t\t\t\t\t<\/div>\n\t\t<\/div>\n\t\t\t\t\t<\/div>\n\t\t<\/section>\n\t\t\t\t<div class=\"elementor-element elementor-element-7d97d4a elementor-widget-divider--view-line elementor-widget elementor-widget-divider\" data-id=\"7d97d4a\" data-element_type=\"widget\" data-e-type=\"widget\" data-widget_type=\"divider.default\">\n\t\t\t\t<div class=\"elementor-widget-container\">\n\t\t\t\t\t\t\t<div class=\"elementor-divider\">\n\t\t\t<span class=\"elementor-divider-separator\">\n\t\t\t\t\t\t<\/span>\n\t\t<\/div>\n\t\t\t\t\t\t<\/div>\n\t\t\t\t<\/div>\n\t\t\t\t<div class=\"elementor-element elementor-element-ca01518 elementor-widget elementor-widget-heading\" data-id=\"ca01518\" data-element_type=\"widget\" data-e-type=\"widget\" data-widget_type=\"heading.default\">\n\t\t\t\t<div class=\"elementor-widget-container\">\n\t\t\t\t\t<span class=\"elementor-heading-title elementor-size-default\">FAQ<\/span>\t\t\t\t<\/div>\n\t\t\t\t<\/div>\n\t\t\t\t<div class=\"elementor-element elementor-element-38241dc elementor-widget elementor-widget-heading\" data-id=\"38241dc\" data-element_type=\"widget\" data-e-type=\"widget\" data-widget_type=\"heading.default\">\n\t\t\t\t<div class=\"elementor-widget-container\">\n\t\t\t\t\t<span class=\"elementor-heading-title elementor-size-default\"><ol>\n<li>Data transaksi yang dapat ditarik adalah 6 bulan terakhir\n<li>Data dapat diminta kapan saja, namun akan diproses pada hari kerja pukul 08.00 - 17.00\n<li>Data akan diberikan melalui email toko terdaftar pada hari kerja pukul 08.00 - 17.00\n<li>Data akan diberikan dengan format .xls<\/span>\t\t\t\t<\/div>\n\t\t\t\t<\/div>\n\t\t\t\t\t<\/div>\n\t\t<\/div>\n\t\t\t\t\t<\/div>\n\t\t<\/section>\n\t\t\t\t<\/div>\n\t\t","protected":false},"excerpt":{"rendered":"<p>Verk\u00e4ufer-Verkaufsbericht Bitte geben Sie die Gesch\u00e4ftsdaten korrekt ein. Sind die Gesch\u00e4ftsdaten nicht korrekt, kann die Anfrage nicht bearbeitet werden<\/p>","protected":false},"author":2,"featured_media":122011,"parent":0,"menu_order":0,"comment_status":"closed","ping_status":"closed","template":"elementor_canvas","meta":{"footnotes":""},"class_list":["post-88724","page","type-page","status-publish","has-post-thumbnail","hentry"],"pp_statuses_selecting_workflow":false,"pp_workflow_action":"current","pp_status_selection":"publish","yoast_head":"<!-- This site is optimized with the Yoast SEO plugin v27.1.1 - https:\/\/yoast.com\/product\/yoast-seo-wordpress\/ -->\n<title>Form Permintaan Laporan Transaksi - VCGamers<\/title>\n<meta name=\"description\" content=\"Form ini digunakan oleh seller untuk melakukan permintaan laporan data transaksi pada marketplace VCGamers\" \/>\n<meta name=\"robots\" content=\"index, follow, max-snippet:-1, max-image-preview:large, max-video-preview:-1\" \/>\n<link rel=\"canonical\" href=\"https:\/\/www.vcgamers.com\/news\/de\/verkauferanfrage\/\" \/>\n<meta property=\"og:locale\" content=\"de_DE\" \/>\n<meta property=\"og:type\" content=\"article\" \/>\n<meta property=\"og:title\" content=\"Form Permintaan Laporan Transaksi - VCGamers\" \/>\n<meta property=\"og:description\" content=\"Form ini digunakan oleh seller untuk melakukan permintaan laporan data transaksi pada marketplace VCGamers\" \/>\n<meta property=\"og:url\" content=\"https:\/\/www.vcgamers.com\/news\/de\/verkauferanfrage\/\" \/>\n<meta property=\"og:site_name\" content=\"VCGamers News\" \/>\n<meta property=\"article:publisher\" content=\"https:\/\/www.facebook.com\/vcgamers.id\/\" \/>\n<meta property=\"article:modified_time\" content=\"2024-09-24T07:11:14+00:00\" \/>\n<meta property=\"og:image\" content=\"https:\/\/storage.googleapis.com\/cdn.vcgamers.com\/news\/wp-content\/uploads\/2024\/02\/ogp-vcg-512.png\" \/>\n\t<meta property=\"og:image:width\" content=\"512\" \/>\n\t<meta property=\"og:image:height\" content=\"512\" \/>\n\t<meta property=\"og:image:type\" content=\"image\/png\" \/>\n<meta name=\"twitter:card\" content=\"summary_large_image\" \/>\n<meta name=\"twitter:site\" content=\"@vcgamers_io\" \/>\n<script type=\"application\/ld+json\" class=\"yoast-schema-graph\">{\"@context\":\"https:\/\/schema.org\",\"@graph\":[{\"@type\":\"WebPage\",\"@id\":\"https:\/\/www.vcgamers.com\/news\/seller-request\/\",\"url\":\"https:\/\/www.vcgamers.com\/news\/seller-request\/\",\"name\":\"Form Permintaan Laporan Transaksi - VCGamers\",\"isPartOf\":{\"@id\":\"https:\/\/www.vcgamers.com\/news\/#website\"},\"primaryImageOfPage\":{\"@id\":\"https:\/\/www.vcgamers.com\/news\/seller-request\/#primaryimage\"},\"image\":{\"@id\":\"https:\/\/www.vcgamers.com\/news\/seller-request\/#primaryimage\"},\"thumbnailUrl\":\"https:\/\/storage.googleapis.com\/cdn.vcgamers.com\/news\/wp-content\/uploads\/2024\/02\/ogp-vcg-512.png\",\"datePublished\":\"2023-06-08T15:46:17+00:00\",\"dateModified\":\"2024-09-24T07:11:14+00:00\",\"description\":\"Form ini digunakan oleh seller untuk melakukan permintaan laporan data transaksi pada marketplace VCGamers\",\"breadcrumb\":{\"@id\":\"https:\/\/www.vcgamers.com\/news\/seller-request\/#breadcrumb\"},\"inLanguage\":\"de\",\"potentialAction\":[{\"@type\":\"ReadAction\",\"target\":[\"https:\/\/www.vcgamers.com\/news\/seller-request\/\"]}]},{\"@type\":\"ImageObject\",\"inLanguage\":\"de\",\"@id\":\"https:\/\/www.vcgamers.com\/news\/seller-request\/#primaryimage\",\"url\":\"https:\/\/storage.googleapis.com\/cdn.vcgamers.com\/news\/wp-content\/uploads\/2024\/02\/ogp-vcg-512.png\",\"contentUrl\":\"https:\/\/storage.googleapis.com\/cdn.vcgamers.com\/news\/wp-content\/uploads\/2024\/02\/ogp-vcg-512.png\",\"width\":512,\"height\":512},{\"@type\":\"BreadcrumbList\",\"@id\":\"https:\/\/www.vcgamers.com\/news\/seller-request\/#breadcrumb\",\"itemListElement\":[{\"@type\":\"ListItem\",\"position\":1,\"name\":\"Beranda\",\"item\":\"https:\/\/www.vcgamers.com\/news\/\"},{\"@type\":\"ListItem\",\"position\":2,\"name\":\"Seller Request\"}]},{\"@type\":\"WebSite\",\"@id\":\"https:\/\/www.vcgamers.com\/news\/#website\",\"url\":\"https:\/\/www.vcgamers.com\/news\/\",\"name\":\"VCGamers News - Dapatkan Berita Game Terbaru Hanya di VCGamers\",\"description\":\"Dapatkan Berita Games Terbaru Hanya di VCGamers\",\"publisher\":{\"@id\":\"https:\/\/www.vcgamers.com\/news\/#organization\"},\"potentialAction\":[{\"@type\":\"SearchAction\",\"target\":{\"@type\":\"EntryPoint\",\"urlTemplate\":\"https:\/\/www.vcgamers.com\/news\/?s={search_term_string}\"},\"query-input\":{\"@type\":\"PropertyValueSpecification\",\"valueRequired\":true,\"valueName\":\"search_term_string\"}}],\"inLanguage\":\"de\"},{\"@type\":\"Organization\",\"@id\":\"https:\/\/www.vcgamers.com\/news\/#organization\",\"name\":\"VCGamers\",\"url\":\"https:\/\/www.vcgamers.com\/news\/\",\"logo\":{\"@type\":\"ImageObject\",\"inLanguage\":\"de\",\"@id\":\"https:\/\/www.vcgamers.com\/news\/#\/schema\/logo\/image\/\",\"url\":\"https:\/\/www.vcgamers.com\/news\/wp-content\/uploads\/2023\/05\/VCGamers-1.jpg\",\"contentUrl\":\"https:\/\/www.vcgamers.com\/news\/wp-content\/uploads\/2023\/05\/VCGamers-1.jpg\",\"width\":500,\"height\":500,\"caption\":\"VCGamers\"},\"image\":{\"@id\":\"https:\/\/www.vcgamers.com\/news\/#\/schema\/logo\/image\/\"},\"sameAs\":[\"https:\/\/www.facebook.com\/vcgamers.id\/\",\"https:\/\/x.com\/vcgamers_io\",\"https:\/\/www.instagram.com\/vcgamers.id\/\",\"https:\/\/www.linkedin.com\/company\/vcgamers\/mycompany\/\",\"https:\/\/www.youtube.com\/c\/VCGamersIndonesia\"]}]}<\/script>\n<!-- \/ Yoast SEO plugin. -->","yoast_head_json":{"title":"Formular zur Anforderung eines Transaktionsberichts \u2013 VCGamers","description":"Dieses Formular wird von Verk\u00e4ufern verwendet, um Transaktionsdatenberichte auf dem VCGamers-Marktplatz anzufordern","robots":{"index":"index","follow":"follow","max-snippet":"max-snippet:-1","max-image-preview":"max-image-preview:large","max-video-preview":"max-video-preview:-1"},"canonical":"https:\/\/www.vcgamers.com\/news\/de\/verkauferanfrage\/","og_locale":"de_DE","og_type":"article","og_title":"Form Permintaan Laporan Transaksi - VCGamers","og_description":"Form ini digunakan oleh seller untuk melakukan permintaan laporan data transaksi pada marketplace VCGamers","og_url":"https:\/\/www.vcgamers.com\/news\/de\/verkauferanfrage\/","og_site_name":"VCGamers News","article_publisher":"https:\/\/www.facebook.com\/vcgamers.id\/","article_modified_time":"2024-09-24T07:11:14+00:00","og_image":[{"width":512,"height":512,"url":"https:\/\/storage.googleapis.com\/cdn.vcgamers.com\/news\/wp-content\/uploads\/2024\/02\/ogp-vcg-512.png","type":"image\/png"}],"twitter_card":"summary_large_image","twitter_site":"@vcgamers_io","schema":{"@context":"https:\/\/schema.org","@graph":[{"@type":"WebPage","@id":"https:\/\/www.vcgamers.com\/news\/seller-request\/","url":"https:\/\/www.vcgamers.com\/news\/seller-request\/","name":"Formular zur Anforderung eines Transaktionsberichts \u2013 VCGamers","isPartOf":{"@id":"https:\/\/www.vcgamers.com\/news\/#website"},"primaryImageOfPage":{"@id":"https:\/\/www.vcgamers.com\/news\/seller-request\/#primaryimage"},"image":{"@id":"https:\/\/www.vcgamers.com\/news\/seller-request\/#primaryimage"},"thumbnailUrl":"https:\/\/storage.googleapis.com\/cdn.vcgamers.com\/news\/wp-content\/uploads\/2024\/02\/ogp-vcg-512.png","datePublished":"2023-06-08T15:46:17+00:00","dateModified":"2024-09-24T07:11:14+00:00","description":"Dieses Formular wird von Verk\u00e4ufern verwendet, um Transaktionsdatenberichte auf dem VCGamers-Marktplatz anzufordern","breadcrumb":{"@id":"https:\/\/www.vcgamers.com\/news\/seller-request\/#breadcrumb"},"inLanguage":"de","potentialAction":[{"@type":"ReadAction","target":["https:\/\/www.vcgamers.com\/news\/seller-request\/"]}]},{"@type":"ImageObject","inLanguage":"de","@id":"https:\/\/www.vcgamers.com\/news\/seller-request\/#primaryimage","url":"https:\/\/storage.googleapis.com\/cdn.vcgamers.com\/news\/wp-content\/uploads\/2024\/02\/ogp-vcg-512.png","contentUrl":"https:\/\/storage.googleapis.com\/cdn.vcgamers.com\/news\/wp-content\/uploads\/2024\/02\/ogp-vcg-512.png","width":512,"height":512},{"@type":"BreadcrumbList","@id":"https:\/\/www.vcgamers.com\/news\/seller-request\/#breadcrumb","itemListElement":[{"@type":"ListItem","position":1,"name":"Beranda","item":"https:\/\/www.vcgamers.com\/news\/"},{"@type":"ListItem","position":2,"name":"Seller Request"}]},{"@type":"WebSite","@id":"https:\/\/www.vcgamers.com\/news\/#website","url":"https:\/\/www.vcgamers.com\/news\/","name":"VCGamers News - Holen Sie sich die neuesten Spiele-News nur bei VCGamers","description":"Holen Sie sich die neuesten Spielnachrichten nur bei VCGamers","publisher":{"@id":"https:\/\/www.vcgamers.com\/news\/#organization"},"potentialAction":[{"@type":"SearchAction","target":{"@type":"EntryPoint","urlTemplate":"https:\/\/www.vcgamers.com\/news\/?s={search_term_string}"},"query-input":{"@type":"PropertyValueSpecification","valueRequired":true,"valueName":"search_term_string"}}],"inLanguage":"de"},{"@type":"Organization","@id":"https:\/\/www.vcgamers.com\/news\/#organization","name":"VCGamers","url":"https:\/\/www.vcgamers.com\/news\/","logo":{"@type":"ImageObject","inLanguage":"de","@id":"https:\/\/www.vcgamers.com\/news\/#\/schema\/logo\/image\/","url":"https:\/\/www.vcgamers.com\/news\/wp-content\/uploads\/2023\/05\/VCGamers-1.jpg","contentUrl":"https:\/\/www.vcgamers.com\/news\/wp-content\/uploads\/2023\/05\/VCGamers-1.jpg","width":500,"height":500,"caption":"VCGamers"},"image":{"@id":"https:\/\/www.vcgamers.com\/news\/#\/schema\/logo\/image\/"},"sameAs":["https:\/\/www.facebook.com\/vcgamers.id\/","https:\/\/x.com\/vcgamers_io","https:\/\/www.instagram.com\/vcgamers.id\/","https:\/\/www.linkedin.com\/company\/vcgamers\/mycompany\/","https:\/\/www.youtube.com\/c\/VCGamersIndonesia"]}]}},"_links":{"self":[{"href":"https:\/\/www.vcgamers.com\/news\/de\/wp-json\/wp\/v2\/pages\/88724","targetHints":{"allow":["GET"]}}],"collection":[{"href":"https:\/\/www.vcgamers.com\/news\/de\/wp-json\/wp\/v2\/pages"}],"about":[{"href":"https:\/\/www.vcgamers.com\/news\/de\/wp-json\/wp\/v2\/types\/page"}],"author":[{"embeddable":true,"href":"https:\/\/www.vcgamers.com\/news\/de\/wp-json\/wp\/v2\/users\/2"}],"replies":[{"embeddable":true,"href":"https:\/\/www.vcgamers.com\/news\/de\/wp-json\/wp\/v2\/comments?post=88724"}],"version-history":[{"count":0,"href":"https:\/\/www.vcgamers.com\/news\/de\/wp-json\/wp\/v2\/pages\/88724\/revisions"}],"wp:featuredmedia":[{"embeddable":true,"href":"https:\/\/www.vcgamers.com\/news\/de\/wp-json\/wp\/v2\/media\/122011"}],"wp:attachment":[{"href":"https:\/\/www.vcgamers.com\/news\/de\/wp-json\/wp\/v2\/media?parent=88724"}],"curies":[{"name":"wp","href":"https:\/\/api.w.org\/{rel}","templated":true}]}}