{"id":1524,"date":"2020-12-06T12:22:25","date_gmt":"2020-12-06T12:22:25","guid":{"rendered":"https:\/\/vcgamers.co.id\/?page_id=1524"},"modified":"2022-07-11T14:42:19","modified_gmt":"2022-07-11T07:42:19","slug":"haftungsausschluss-2","status":"publish","type":"page","link":"https:\/\/www.vcgamers.com\/news\/de\/disclaimer\/","title":{"rendered":"Haftungsausschluss"},"content":{"rendered":"<p>Auf der Website enthaltene Informationen <strong>VCGamers<\/strong> nur allgemeine Informationen. Unsere Seite <em>www.vcgamers.com<\/em> Und <em>www.vcgamers.co.id<\/em> ist eine untrennbare Einheit. Informationen, die von registrierten Benutzern und Kolumnisten bereitgestellt werden, obwohl wir uns nach Kr\u00e4ften bem\u00fchen, die Informationen zu aktualisieren und deren Genauigkeit aufrechtzuerhalten, geben wir keine ausdr\u00fccklichen oder stillschweigenden Zusicherungen oder Gew\u00e4hrleistungen in Bezug auf die Vollst\u00e4ndigkeit, Genauigkeit, Zuverl\u00e4ssigkeit, Eignung oder Verf\u00fcgbarkeit ab an VCGamers oder die Informationen, verwandten Produkte, Dienstleistungen oder Grafiken, die auf VCGamers aufgef\u00fchrt sind, f\u00fcr jeden Zweck. Daher erfolgt Ihr Vertrauen in solche Informationen auf Ihr eigenes Risiko. Von Benutzern von VCGamers-Werbediensten (Werbetreibende) wird erwartet, dass sie wahrheitsgem\u00e4\u00dfe wesentliche Informationen schreiben.<\/p>\r\n\r\n\r\n\r\n<p>VCGamers ist nicht verantwortlich f\u00fcr die Nichtlieferung von Daten\/Informationen, die von Lesern \u00fcber verschiedene Arten von Kommunikationskan\u00e4len (E-Mail, SMS, Online-Formulare) aufgrund unvorhergesehener technischer Fehler \u00fcbermittelt werden.<\/p>\r\n\r\n\r\n\r\n<p>In keinem Fall ist VCGamers verantwortlich f\u00fcr Verluste oder Verluste, die direkt oder indirekt oder daraus resultieren, oder Verluste und\/oder Verluste jeglicher Art, die sich aus dem Verlust von Daten oder Gewinnen ergeben, die sich aus oder im Zusammenhang mit der Nutzung dieser VCGamers-Website ergeben.<\/p>\r\n\r\n\r\n\r\n<p>VCGamers hat das Recht, von Lesern \u00fcbermittelte Daten\/Informationen zu laden, nicht zu laden, zu bearbeiten und\/oder zu l\u00f6schen.<\/p>\r\n\r\n\r\n\r\n<p>\u00dcber diese VCGamers-Website k\u00f6nnen Sie auf andere Websites verlinken, die nicht unter der Kontrolle von VCGamers stehen. Wir haben keine Kontrolle \u00fcber Art, Inhalt und Verf\u00fcgbarkeit dieser Websites. Die Aufnahme eines Links impliziert keine Empfehlung oder Billigung der in dem Link ge\u00e4u\u00dferten Ansichten.<\/p>\r\n\r\n\r\n\r\n<p>VCGamers ist nicht verantwortlich f\u00fcr die Nichtlieferung von Daten\/Informationen, die von Lesern \u00fcber verschiedene Arten von Kommunikationskan\u00e4len (E-Mail, SMS, Online-Formulare) aufgrund unvorhergesehener technischer Fehler \u00fcbermittelt werden.<\/p>\r\n\r\n\r\n\r\n<p>Die bei VCGamers verf\u00fcgbaren Daten und\/oder Informationen dienen nur als Referenz und werden nicht f\u00fcr Transaktionszwecke erwartet. Obwohl verschiedene Anstrengungen unternommen wurden, um Daten und\/oder Informationen so genau wie m\u00f6glich anzuzeigen, sind VCGamers und alle Partner, die Daten und Informationen bereitstellen, einschlie\u00dflich Kolumnisten, nicht verantwortlich f\u00fcr Fehler und Verz\u00f6gerungen bei der Aktualisierung von Daten oder Informationen oder daraus resultierende Verluste auf Ma\u00dfnahmen, die im Zusammenhang mit der Verwendung von Daten\/Informationen, die von VCGamers pr\u00e4sentiert werden, ergriffen wurden.<\/p>\r\n\r\n\r\n\r\n<p>VCGamers ist nicht verantwortlich f\u00fcr alle Transaktionen, die zwischen Besuchern (Besuchern), die auf die VCGamers-Website zugreifen, und Benutzern der Werbedienste von VCGamers stattfinden.<\/p>\r\n\r\n\r\n\r\n<p>VCGamers kann nicht f\u00fcr die wesentlichen Informationen, die Verf\u00fcgbarkeit von Produkten oder Dienstleistungen, die von Werbetreibenden angeboten werden, verantwortlich oder verantwortlich gemacht werden.<\/p>\r\n\r\n\r\n\r\n<p>Es werden alle Anstrengungen unternommen, um die VCGamers-Site ohne Probleme am Laufen zu halten. VCGamers ist jedoch nicht verantwortlich und haftet nicht daf\u00fcr, dass Teile oder die gesamte VCGamers-Website aufgrund technischer Probleme, die au\u00dferhalb unserer Kontrolle liegen, vor\u00fcbergehend nicht verf\u00fcgbar sind.<\/p>","protected":false},"excerpt":{"rendered":"<p>Die auf der VCGamers-Website enthaltenen Informationen sind nur allgemeine Informationen. Unsere Seiten www.vcgamers.com und www.vcgamers.co.id sind eine<\/p>","protected":false},"author":2,"featured_media":0,"parent":0,"menu_order":0,"comment_status":"closed","ping_status":"closed","template":"","meta":{"footnotes":""},"class_list":["post-1524","page","type-page","status-publish","hentry"],"pp_statuses_selecting_workflow":false,"pp_workflow_action":"current","pp_status_selection":"publish","yoast_head":"<!-- This site is optimized with the Yoast SEO plugin v27.1.1 - https:\/\/yoast.com\/product\/yoast-seo-wordpress\/ -->\n<title>Disclaimer - VCGamers News<\/title>\n<meta name=\"robots\" content=\"index, follow, max-snippet:-1, max-image-preview:large, max-video-preview:-1\" \/>\n<link rel=\"canonical\" href=\"https:\/\/www.vcgamers.com\/news\/de\/haftungsausschluss-2\/\" \/>\n<meta property=\"og:locale\" content=\"de_DE\" \/>\n<meta property=\"og:type\" content=\"article\" \/>\n<meta property=\"og:title\" content=\"Disclaimer - VCGamers News\" \/>\n<meta property=\"og:description\" content=\"Informasi yang termuat di dalam situs VCGamers hanyalah informasi yang bersifat umum. Situs kami www.vcgamers.com dan www.vcgamers.co.id adalah satu\" \/>\n<meta property=\"og:url\" content=\"https:\/\/www.vcgamers.com\/news\/de\/haftungsausschluss-2\/\" \/>\n<meta property=\"og:site_name\" content=\"VCGamers News\" \/>\n<meta property=\"article:publisher\" content=\"https:\/\/www.facebook.com\/vcgamers.id\/\" \/>\n<meta property=\"article:modified_time\" content=\"2022-07-11T07:42:19+00:00\" \/>\n<meta property=\"og:image\" content=\"https:\/\/storage.googleapis.com\/cdn.vcgamers.com\/news\/wp-content\/uploads\/2024\/02\/ogp-vcg-512.png\" \/>\n\t<meta property=\"og:image:width\" content=\"512\" \/>\n\t<meta property=\"og:image:height\" content=\"512\" \/>\n\t<meta property=\"og:image:type\" content=\"image\/png\" \/>\n<meta name=\"twitter:card\" content=\"summary_large_image\" \/>\n<meta name=\"twitter:site\" content=\"@vcgamers_io\" \/>\n<meta name=\"twitter:label1\" content=\"Gesch\u00e4tzte Lesezeit\" \/>\n\t<meta name=\"twitter:data1\" content=\"2\u00a0Minuten\" \/>\n<script type=\"application\/ld+json\" class=\"yoast-schema-graph\">{\"@context\":\"https:\/\/schema.org\",\"@graph\":[{\"@type\":\"WebPage\",\"@id\":\"https:\/\/www.vcgamers.com\/news\/disclaimer\/\",\"url\":\"https:\/\/www.vcgamers.com\/news\/disclaimer\/\",\"name\":\"Disclaimer - VCGamers News\",\"isPartOf\":{\"@id\":\"https:\/\/www.vcgamers.com\/news\/#website\"},\"datePublished\":\"2020-12-06T12:22:25+00:00\",\"dateModified\":\"2022-07-11T07:42:19+00:00\",\"breadcrumb\":{\"@id\":\"https:\/\/www.vcgamers.com\/news\/disclaimer\/#breadcrumb\"},\"inLanguage\":\"de\",\"potentialAction\":[{\"@type\":\"ReadAction\",\"target\":[\"https:\/\/www.vcgamers.com\/news\/disclaimer\/\"]}]},{\"@type\":\"BreadcrumbList\",\"@id\":\"https:\/\/www.vcgamers.com\/news\/disclaimer\/#breadcrumb\",\"itemListElement\":[{\"@type\":\"ListItem\",\"position\":1,\"name\":\"Beranda\",\"item\":\"https:\/\/www.vcgamers.com\/news\/\"},{\"@type\":\"ListItem\",\"position\":2,\"name\":\"Disclaimer\"}]},{\"@type\":\"WebSite\",\"@id\":\"https:\/\/www.vcgamers.com\/news\/#website\",\"url\":\"https:\/\/www.vcgamers.com\/news\/\",\"name\":\"VCGamers News - Dapatkan Berita Game Terbaru Hanya di VCGamers\",\"description\":\"Dapatkan Berita Games Terbaru Hanya di VCGamers\",\"publisher\":{\"@id\":\"https:\/\/www.vcgamers.com\/news\/#organization\"},\"potentialAction\":[{\"@type\":\"SearchAction\",\"target\":{\"@type\":\"EntryPoint\",\"urlTemplate\":\"https:\/\/www.vcgamers.com\/news\/?s={search_term_string}\"},\"query-input\":{\"@type\":\"PropertyValueSpecification\",\"valueRequired\":true,\"valueName\":\"search_term_string\"}}],\"inLanguage\":\"de\"},{\"@type\":\"Organization\",\"@id\":\"https:\/\/www.vcgamers.com\/news\/#organization\",\"name\":\"VCGamers\",\"url\":\"https:\/\/www.vcgamers.com\/news\/\",\"logo\":{\"@type\":\"ImageObject\",\"inLanguage\":\"de\",\"@id\":\"https:\/\/www.vcgamers.com\/news\/#\/schema\/logo\/image\/\",\"url\":\"https:\/\/www.vcgamers.com\/news\/wp-content\/uploads\/2023\/05\/VCGamers-1.jpg\",\"contentUrl\":\"https:\/\/www.vcgamers.com\/news\/wp-content\/uploads\/2023\/05\/VCGamers-1.jpg\",\"width\":500,\"height\":500,\"caption\":\"VCGamers\"},\"image\":{\"@id\":\"https:\/\/www.vcgamers.com\/news\/#\/schema\/logo\/image\/\"},\"sameAs\":[\"https:\/\/www.facebook.com\/vcgamers.id\/\",\"https:\/\/x.com\/vcgamers_io\",\"https:\/\/www.instagram.com\/vcgamers.id\/\",\"https:\/\/www.linkedin.com\/company\/vcgamers\/mycompany\/\",\"https:\/\/www.youtube.com\/c\/VCGamersIndonesia\"]}]}<\/script>\n<!-- \/ Yoast SEO plugin. -->","yoast_head_json":{"title":"Haftungsausschluss - VCGamers-Nachrichten","robots":{"index":"index","follow":"follow","max-snippet":"max-snippet:-1","max-image-preview":"max-image-preview:large","max-video-preview":"max-video-preview:-1"},"canonical":"https:\/\/www.vcgamers.com\/news\/de\/haftungsausschluss-2\/","og_locale":"de_DE","og_type":"article","og_title":"Disclaimer - VCGamers News","og_description":"Informasi yang termuat di dalam situs VCGamers hanyalah informasi yang bersifat umum. Situs kami www.vcgamers.com dan www.vcgamers.co.id adalah satu","og_url":"https:\/\/www.vcgamers.com\/news\/de\/haftungsausschluss-2\/","og_site_name":"VCGamers News","article_publisher":"https:\/\/www.facebook.com\/vcgamers.id\/","article_modified_time":"2022-07-11T07:42:19+00:00","og_image":[{"width":512,"height":512,"url":"https:\/\/storage.googleapis.com\/cdn.vcgamers.com\/news\/wp-content\/uploads\/2024\/02\/ogp-vcg-512.png","type":"image\/png"}],"twitter_card":"summary_large_image","twitter_site":"@vcgamers_io","twitter_misc":{"Gesch\u00e4tzte Lesezeit":"2\u00a0Minuten"},"schema":{"@context":"https:\/\/schema.org","@graph":[{"@type":"WebPage","@id":"https:\/\/www.vcgamers.com\/news\/disclaimer\/","url":"https:\/\/www.vcgamers.com\/news\/disclaimer\/","name":"Haftungsausschluss - VCGamers-Nachrichten","isPartOf":{"@id":"https:\/\/www.vcgamers.com\/news\/#website"},"datePublished":"2020-12-06T12:22:25+00:00","dateModified":"2022-07-11T07:42:19+00:00","breadcrumb":{"@id":"https:\/\/www.vcgamers.com\/news\/disclaimer\/#breadcrumb"},"inLanguage":"de","potentialAction":[{"@type":"ReadAction","target":["https:\/\/www.vcgamers.com\/news\/disclaimer\/"]}]},{"@type":"BreadcrumbList","@id":"https:\/\/www.vcgamers.com\/news\/disclaimer\/#breadcrumb","itemListElement":[{"@type":"ListItem","position":1,"name":"Beranda","item":"https:\/\/www.vcgamers.com\/news\/"},{"@type":"ListItem","position":2,"name":"Disclaimer"}]},{"@type":"WebSite","@id":"https:\/\/www.vcgamers.com\/news\/#website","url":"https:\/\/www.vcgamers.com\/news\/","name":"VCGamers News - Holen Sie sich die neuesten Spiele-News nur bei VCGamers","description":"Holen Sie sich die neuesten Spielnachrichten nur bei VCGamers","publisher":{"@id":"https:\/\/www.vcgamers.com\/news\/#organization"},"potentialAction":[{"@type":"SearchAction","target":{"@type":"EntryPoint","urlTemplate":"https:\/\/www.vcgamers.com\/news\/?s={search_term_string}"},"query-input":{"@type":"PropertyValueSpecification","valueRequired":true,"valueName":"search_term_string"}}],"inLanguage":"de"},{"@type":"Organization","@id":"https:\/\/www.vcgamers.com\/news\/#organization","name":"VCGamers","url":"https:\/\/www.vcgamers.com\/news\/","logo":{"@type":"ImageObject","inLanguage":"de","@id":"https:\/\/www.vcgamers.com\/news\/#\/schema\/logo\/image\/","url":"https:\/\/www.vcgamers.com\/news\/wp-content\/uploads\/2023\/05\/VCGamers-1.jpg","contentUrl":"https:\/\/www.vcgamers.com\/news\/wp-content\/uploads\/2023\/05\/VCGamers-1.jpg","width":500,"height":500,"caption":"VCGamers"},"image":{"@id":"https:\/\/www.vcgamers.com\/news\/#\/schema\/logo\/image\/"},"sameAs":["https:\/\/www.facebook.com\/vcgamers.id\/","https:\/\/x.com\/vcgamers_io","https:\/\/www.instagram.com\/vcgamers.id\/","https:\/\/www.linkedin.com\/company\/vcgamers\/mycompany\/","https:\/\/www.youtube.com\/c\/VCGamersIndonesia"]}]}},"_links":{"self":[{"href":"https:\/\/www.vcgamers.com\/news\/de\/wp-json\/wp\/v2\/pages\/1524","targetHints":{"allow":["GET"]}}],"collection":[{"href":"https:\/\/www.vcgamers.com\/news\/de\/wp-json\/wp\/v2\/pages"}],"about":[{"href":"https:\/\/www.vcgamers.com\/news\/de\/wp-json\/wp\/v2\/types\/page"}],"author":[{"embeddable":true,"href":"https:\/\/www.vcgamers.com\/news\/de\/wp-json\/wp\/v2\/users\/2"}],"replies":[{"embeddable":true,"href":"https:\/\/www.vcgamers.com\/news\/de\/wp-json\/wp\/v2\/comments?post=1524"}],"version-history":[{"count":0,"href":"https:\/\/www.vcgamers.com\/news\/de\/wp-json\/wp\/v2\/pages\/1524\/revisions"}],"wp:attachment":[{"href":"https:\/\/www.vcgamers.com\/news\/de\/wp-json\/wp\/v2\/media?parent=1524"}],"curies":[{"name":"wp","href":"https:\/\/api.w.org\/{rel}","templated":true}]}}