{"id":1521,"date":"2020-12-06T12:18:51","date_gmt":"2020-12-06T12:18:51","guid":{"rendered":"https:\/\/vcgamers.co.id\/?page_id=1521"},"modified":"2022-07-11T14:46:17","modified_gmt":"2022-07-11T07:46:17","slug":"richtlinien-fur-cyber-medien","status":"publish","type":"page","link":"https:\/\/www.vcgamers.com\/news\/de\/pedoman-media-siber\/","title":{"rendered":"Richtlinien f\u00fcr Cyber-Medien"},"content":{"rendered":"<p><strong>Reglement des Presserates<\/strong><\/p>\r\n\r\n\r\n\r\n<p>Meinungs-, Meinungs- und Pressefreiheit sind Menschenrechte, die durch die Pancasila, die Verfassung von 1945 und die Allgemeine Erkl\u00e4rung der Menschenrechte der Vereinten Nationen gesch\u00fctzt sind. Auch die Existenz von Cybermedien in Indonesien ist Teil der Meinungs-, Meinungs- und Pressefreiheit.<\/p>\r\n\r\n\r\n\r\n<p>Cyber-Medien haben einen besonderen Charakter, der Richtlinien erfordert, damit seine Verwaltung professionell durchgef\u00fchrt werden kann und seine Funktionen, Rechte und Pflichten gem\u00e4\u00df dem Gesetz Nr. 40 von 1999 \u00fcber die Presse und den journalistischen Ethikkodex erf\u00fcllt werden. Aus diesem Grund hat der Presserat gemeinsam mit Presseorganisationen, Cyber Media Managern und der \u00d6ffentlichkeit den Leitfaden f\u00fcr die Cyber Media Berichterstattung wie folgt formuliert:<\/p>\r\n\r\n\r\n\r\n<h6 class=\"wp-block-heading\">1. Geltungsbereich<\/h6>\r\n\r\n\r\n\r\n<p>Cyber-Medien sind alle Formen von Medien, die das Internet nutzen und journalistische T\u00e4tigkeiten aus\u00fcben und die Anforderungen des Pressegesetzes und der vom Presserat festgelegten Standards der Presseunternehmen erf\u00fcllen.<br \/>Benutzergenerierte Inhalte sind alle Inhalte, die von Benutzern von Cyber-Medien erstellt und\/oder ver\u00f6ffentlicht wurden, einschlie\u00dflich Artikel, Bilder, Kommentare, Stimmen, Videos und verschiedene Formen von Uploads, die an Cyber-Medien angeh\u00e4ngt sind, wie Blogs, Foren, Leserkommentare oder Zuschauer und andere Formen.<\/p>\r\n\r\n\r\n\r\n<h6 class=\"wp-block-heading\">2. Nachrichten\u00fcberpr\u00fcfung und -ausgleich<\/h6>\r\n\r\n\r\n\r\n<p>Grunds\u00e4tzlich muss jede Nachricht verifiziert werden.<br \/>Nachrichten, die anderen schaden k\u00f6nnen, erfordern eine \u00dcberpr\u00fcfung derselben Nachrichten, um die Grunds\u00e4tze der Genauigkeit und Ausgewogenheit zu erf\u00fcllen. <strong>Die Bestimmungen in Punkt (a) oben sind ausgeschlossen, sofern:<\/strong><\/p>\r\n\r\n\r\n\r\n<ul class=\"wp-block-list\">\r\n<li>Nachrichten enthalten wirklich ein dringendes \u00f6ffentliches Interesse;<\/li>\r\n<li>Die erste Nachrichtenquelle ist eine klar identifizierte, glaubw\u00fcrdige und kompetente Quelle;<\/li>\r\n<li>Der Aufenthaltsort des zu best\u00e4tigenden Nachrichtenthemas ist unbekannt und\/oder kann nicht befragt werden;<\/li>\r\n<li>Die Medien erkl\u00e4ren den Lesern, dass die Nachrichten noch einer weiteren \u00dcberpr\u00fcfung bed\u00fcrfen, die so bald wie m\u00f6glich versucht wird. Erl\u00e4uterungen sind am Ende derselben Nachricht in Klammern und in Kursivschrift enthalten.<\/li>\r\n<li>Nach der Ver\u00f6ffentlichung der Nachrichten gem\u00e4\u00df Punkt (c) m\u00fcssen die Medien die Verifizierungsbem\u00fchungen fortsetzen, und nachdem die Verifizierung erfolgt ist, werden die Verifizierungsergebnisse in den aktualisierten Nachrichten mit einem Link zu den ungepr\u00fcften Nachrichten aufgenommen.<\/li>\r\n<\/ul>\r\n\r\n\r\n\r\n<p>Nutzergenerierte Inhalte<br \/>Cyber-Medien m\u00fcssen Bedingungen in Bezug auf nutzergenerierte Inhalte enthalten, die nicht im Widerspruch zu Gesetz Nr. 40 von 1999 \u00fcber den Ethikkodex f\u00fcr Presse und Journalisten, der klar und deutlich aufgestellt ist.<\/p>\r\n\r\n\r\n\r\n<p>Cyber Media erfordert, dass sich jeder Benutzer zuerst f\u00fcr die Mitgliedschaft registriert und einen Anmeldevorgang durchf\u00fchrt, um alle Formen von benutzergenerierten Inhalten ver\u00f6ffentlichen zu k\u00f6nnen. Bestimmungen zum Login werden weiter geregelt.<\/p>\r\n\r\n\r\n\r\n<p>Bei dieser Registrierung verlangt cyber media von den Nutzern eine schriftliche Zustimmung zur Ver\u00f6ffentlichung von nutzergenerierten Inhalten:<\/p>\r\n\r\n\r\n\r\n<ul class=\"wp-block-list\">\r\n<li>Enth\u00e4lt keine L\u00fcgen, Verleumdungen, Sadismus und Obsz\u00f6nit\u00e4ten;<\/li>\r\n<li>Enth\u00e4lt keine Inhalte, die Vorurteile und Hass in Bezug auf ethnische Zugeh\u00f6rigkeit, Religion, Rasse und Intergruppen (SARA) enthalten und Gewalttaten f\u00f6rdern;<\/li>\r\n<li>Enth\u00e4lt keine diskriminierenden Inhalte aufgrund von Geschlechts- und Sprachunterschieden und erniedrigt keine Schwachen, Armen, Kranken, geistig oder k\u00f6rperlich Behinderten.<\/li>\r\n<\/ul>\r\n\r\n\r\n\r\n<p>Cyber Media hat die absolute Befugnis, benutzergenerierte Inhalte zu bearbeiten oder zu l\u00f6schen, die gegen Punkt (c) versto\u00dfen.<\/p>\r\n\r\n\r\n\r\n<p>Cyber-Medien m\u00fcssen einen Beschwerdemechanismus f\u00fcr nutzergenerierte Inhalte bereitstellen, von denen angenommen wird, dass sie gegen die Bestimmungen in Punkt (c) versto\u00dfen haben. Der Mechanismus sollte an einem f\u00fcr die Benutzer leicht zug\u00e4nglichen Ort bereitgestellt werden.<\/p>\r\n\r\n\r\n\r\n<p>Cyber Media muss benutzergenerierte Inhalte, die gemeldet werden und gegen die Bestimmungen von Punkt (c) versto\u00dfen, so bald wie m\u00f6glich anteilig, sp\u00e4testens jedoch 2 x 24 Stunden nach Eingang der Beschwerde, bearbeiten, l\u00f6schen und Korrekturma\u00dfnahmen ergreifen.<\/p>\r\n\r\n\r\n\r\n<p>Cyber Media, das die Bestimmungen in den Punkten (a), (b), (c) und (f) eingehalten hat, tr\u00e4gt keine Verantwortung f\u00fcr Probleme, die durch das Laden von Inhalten verursacht werden, die gegen die Bestimmungen in Punkt (c) versto\u00dfen.<\/p>\r\n\r\n\r\n\r\n<p>Cyber Media ist f\u00fcr gemeldete nutzergenerierte Inhalte verantwortlich, wenn es nach Ablauf der unter Punkt (f) genannten Frist keine Korrekturma\u00dfnahmen ergreift.<\/p>\r\n\r\n\r\n\r\n<h6 class=\"wp-block-heading\">3. Fehler, Korrekturen und Gegendarstellung<\/h6>\r\n\r\n\r\n\r\n<ul class=\"wp-block-list\">\r\n<li>Berichtigungen, Berichtigungen und das Gegendarstellungsrecht beziehen sich auf das Pressegesetz, den Journalistenkodex und die vom Presserat erlassenen Richtlinien f\u00fcr das Gegendarstellungsrecht.<br \/>Berichtigungen, Berichtigungen und\/oder das Recht auf Gegendarstellung m\u00fcssen mit den berichtigten, berichtigten oder mit dem Recht auf Gegendarstellung versehenen Nachrichten verkn\u00fcpft werden. In jedem Bericht \u00fcber Korrekturen, Berichtigungen und Gegendarstellung ist es obligatorisch, den Zeitpunkt des Ladens dieser Korrekturen, Berichtigungen und\/oder Gegendarstellungen anzugeben. Wenn bestimmte Cyber-Medien-Nachrichten von anderen Cyber-Medien verbreitet werden, dann:<\/li>\r\n<li>Die Verantwortung der Nachrichten produzierenden Cyber-Medien beschr\u00e4nkt sich auf die Nachrichten, die in den Cyber-Medien oder den Cyber-Medien unter ihrer technischen Aufsicht ver\u00f6ffentlicht werden;<\/li>\r\n<li>Korrekturen an Nachrichten, die von einem Cyber-Medium durchgef\u00fchrt werden, m\u00fcssen auch von anderen Cyber-Medien durchgef\u00fchrt werden, die Nachrichten aus den korrigierten Cyber-Medien zitieren;<\/li>\r\n<li>Medien, die Nachrichten von einem Cyber-Medium verbreiten und die Nachrichten nicht entsprechend den Ma\u00dfnahmen des Cyber-Mediums, das die Nachrichten besitzt und\/oder erstellt, korrigieren, sind voll verantwortlich f\u00fcr alle rechtlichen Folgen von nicht korrigierten Nachrichten.<\/li>\r\n<li>Gem\u00e4\u00df dem Pressegesetz k\u00f6nnen Cybermedien, die dem Recht auf Gegendarstellung nicht dienen, mit einer Geldstrafe von maximal 500.000.000 IDR (f\u00fcnfhundert Millionen Rupiah) bestraft werden.<\/li>\r\n<\/ul>\r\n\r\n\r\n\r\n<h6 class=\"wp-block-heading\">4. Nachrichten-Widerruf<\/h6>\r\n\r\n\r\n\r\n<p>Ver\u00f6ffentlichte Nachrichten k\u00f6nnen aus Gr\u00fcnden der Zensur von au\u00dferhalb der Redaktion nicht widerrufen werden, au\u00dfer bei Fragen im Zusammenhang mit SARA, Anstand, der Zukunft von Kindern, traumatischen Erlebnissen von Opfern oder aufgrund anderer vom Presserat festgelegter besonderer Erw\u00e4gungen.<\/p>\r\n\r\n\r\n\r\n<p>Andere Cyber-Medien m\u00fcssen dem Widerruf von Nachrichtenausz\u00fcgen aus den entzogenen Originalmedien folgen.<\/p>\r\n\r\n\r\n\r\n<p>Der Widerruf einer Mitteilung ist mit Gr\u00fcnden zu versehen und \u00f6ffentlich bekannt zu geben.<\/p>\r\n\r\n\r\n\r\n<h6 class=\"wp-block-heading\">5. Werbung<\/h6>\r\n\r\n\r\n\r\n<p>Cyber-Medien m\u00fcssen klar zwischen Nachrichtenprodukten und Werbung unterscheiden.<br \/>Alle Nachrichten\/Artikel\/Inhalte, die eine Werbung und\/oder kostenpflichtige Inhalte darstellen, m\u00fcssen eine Aussage wie .advertorial., .advertisement, .ads., .sponsored. oder andere W\u00f6rter enthalten, die erkl\u00e4ren, dass es sich bei den Nachrichten\/Artikeln\/Inhalten um Werbung handelt.<\/p>\r\n\r\n\r\n\r\n<h6 class=\"wp-block-heading\">6. Urheberrecht<\/h6>\r\n\r\n\r\n\r\n<p>Cyber-Medien m\u00fcssen das Urheberrecht gem\u00e4\u00df den geltenden Gesetzen und Vorschriften respektieren.<\/p>\r\n\r\n\r\n\r\n<h6 class=\"wp-block-heading\">7. Aufnahme von Richtlinien<\/h6>\r\n\r\n\r\n\r\n<p>Cyber-Medien m\u00fcssen die Richtlinien f\u00fcr die Berichterstattung \u00fcber Cyber-Medien in ihren Medien klar und deutlich angeben.<\/p>\r\n\r\n\r\n\r\n<h6 class=\"wp-block-heading\">8. Streit<\/h6>\r\n\r\n\r\n\r\n<p>Die abschlie\u00dfende Bewertung des Streits um die Umsetzung der Cyber Media Reporting Guidelines wurde vom Presserat entschieden.<\/p>\r\n\r\n\r\n\r\n<p><strong>Jakarta, 3. Februar 2012<\/strong><br \/>(Diese Richtlinie wurde am 3. Februar 2012 vom Presserat und der Pressegemeinschaft in Jakarta unterzeichnet).<\/p>","protected":false},"excerpt":{"rendered":"<p>Die Bestimmungen des Pressefreiheitsrates sind der Meinung, dass Meinungs- und Pressefreiheit Menschenrechte sind, die durch die Pancasila, die Verfassung, gesch\u00fctzt sind<\/p>","protected":false},"author":2,"featured_media":0,"parent":0,"menu_order":0,"comment_status":"closed","ping_status":"closed","template":"","meta":{"footnotes":""},"class_list":["post-1521","page","type-page","status-publish","hentry"],"pp_statuses_selecting_workflow":false,"pp_workflow_action":"current","pp_status_selection":"publish","yoast_head":"<!-- This site is optimized with the Yoast SEO plugin v27.1.1 - https:\/\/yoast.com\/product\/yoast-seo-wordpress\/ -->\n<title>Guideline Media Siber - VCGamers News<\/title>\n<meta name=\"robots\" content=\"index, follow, max-snippet:-1, max-image-preview:large, max-video-preview:-1\" \/>\n<link rel=\"canonical\" href=\"https:\/\/www.vcgamers.com\/news\/de\/richtlinien-fur-cyber-medien\/\" \/>\n<meta property=\"og:locale\" content=\"de_DE\" \/>\n<meta property=\"og:type\" content=\"article\" \/>\n<meta property=\"og:title\" content=\"Guideline Media Siber - VCGamers News\" \/>\n<meta property=\"og:description\" content=\"Peraturan Dewan Pers Kemerdekaan berpendapat, kemerdekaan berekspresi, dan kemerdekaan pers adalah hak asasi manusia yang dilindungi Pancasila, Undang-Undang Dasar\" \/>\n<meta property=\"og:url\" content=\"https:\/\/www.vcgamers.com\/news\/de\/richtlinien-fur-cyber-medien\/\" \/>\n<meta property=\"og:site_name\" content=\"VCGamers News\" \/>\n<meta property=\"article:publisher\" content=\"https:\/\/www.facebook.com\/vcgamers.id\/\" \/>\n<meta property=\"article:modified_time\" content=\"2022-07-11T07:46:17+00:00\" \/>\n<meta property=\"og:image\" content=\"https:\/\/storage.googleapis.com\/cdn.vcgamers.com\/news\/wp-content\/uploads\/2024\/02\/ogp-vcg-512.png\" \/>\n\t<meta property=\"og:image:width\" content=\"512\" \/>\n\t<meta property=\"og:image:height\" content=\"512\" \/>\n\t<meta property=\"og:image:type\" content=\"image\/png\" \/>\n<meta name=\"twitter:card\" content=\"summary_large_image\" \/>\n<meta name=\"twitter:site\" content=\"@vcgamers_io\" \/>\n<meta name=\"twitter:label1\" content=\"Gesch\u00e4tzte Lesezeit\" \/>\n\t<meta name=\"twitter:data1\" content=\"5\u00a0Minuten\" \/>\n<script type=\"application\/ld+json\" class=\"yoast-schema-graph\">{\"@context\":\"https:\/\/schema.org\",\"@graph\":[{\"@type\":\"WebPage\",\"@id\":\"https:\/\/www.vcgamers.com\/news\/pedoman-media-siber\/\",\"url\":\"https:\/\/www.vcgamers.com\/news\/pedoman-media-siber\/\",\"name\":\"Guideline Media Siber - VCGamers News\",\"isPartOf\":{\"@id\":\"https:\/\/www.vcgamers.com\/news\/#website\"},\"datePublished\":\"2020-12-06T12:18:51+00:00\",\"dateModified\":\"2022-07-11T07:46:17+00:00\",\"breadcrumb\":{\"@id\":\"https:\/\/www.vcgamers.com\/news\/pedoman-media-siber\/#breadcrumb\"},\"inLanguage\":\"de\",\"potentialAction\":[{\"@type\":\"ReadAction\",\"target\":[\"https:\/\/www.vcgamers.com\/news\/pedoman-media-siber\/\"]}]},{\"@type\":\"BreadcrumbList\",\"@id\":\"https:\/\/www.vcgamers.com\/news\/pedoman-media-siber\/#breadcrumb\",\"itemListElement\":[{\"@type\":\"ListItem\",\"position\":1,\"name\":\"Beranda\",\"item\":\"https:\/\/www.vcgamers.com\/news\/\"},{\"@type\":\"ListItem\",\"position\":2,\"name\":\"Guideline Media Siber\"}]},{\"@type\":\"WebSite\",\"@id\":\"https:\/\/www.vcgamers.com\/news\/#website\",\"url\":\"https:\/\/www.vcgamers.com\/news\/\",\"name\":\"VCGamers News - Dapatkan Berita Game Terbaru Hanya di VCGamers\",\"description\":\"Dapatkan Berita Games Terbaru Hanya di VCGamers\",\"publisher\":{\"@id\":\"https:\/\/www.vcgamers.com\/news\/#organization\"},\"potentialAction\":[{\"@type\":\"SearchAction\",\"target\":{\"@type\":\"EntryPoint\",\"urlTemplate\":\"https:\/\/www.vcgamers.com\/news\/?s={search_term_string}\"},\"query-input\":{\"@type\":\"PropertyValueSpecification\",\"valueRequired\":true,\"valueName\":\"search_term_string\"}}],\"inLanguage\":\"de\"},{\"@type\":\"Organization\",\"@id\":\"https:\/\/www.vcgamers.com\/news\/#organization\",\"name\":\"VCGamers\",\"url\":\"https:\/\/www.vcgamers.com\/news\/\",\"logo\":{\"@type\":\"ImageObject\",\"inLanguage\":\"de\",\"@id\":\"https:\/\/www.vcgamers.com\/news\/#\/schema\/logo\/image\/\",\"url\":\"https:\/\/www.vcgamers.com\/news\/wp-content\/uploads\/2023\/05\/VCGamers-1.jpg\",\"contentUrl\":\"https:\/\/www.vcgamers.com\/news\/wp-content\/uploads\/2023\/05\/VCGamers-1.jpg\",\"width\":500,\"height\":500,\"caption\":\"VCGamers\"},\"image\":{\"@id\":\"https:\/\/www.vcgamers.com\/news\/#\/schema\/logo\/image\/\"},\"sameAs\":[\"https:\/\/www.facebook.com\/vcgamers.id\/\",\"https:\/\/x.com\/vcgamers_io\",\"https:\/\/www.instagram.com\/vcgamers.id\/\",\"https:\/\/www.linkedin.com\/company\/vcgamers\/mycompany\/\",\"https:\/\/www.youtube.com\/c\/VCGamersIndonesia\"]}]}<\/script>\n<!-- \/ Yoast SEO plugin. -->","yoast_head_json":{"title":"Richtlinien f\u00fcr Cyber-Medien - VCGamers-Nachrichten","robots":{"index":"index","follow":"follow","max-snippet":"max-snippet:-1","max-image-preview":"max-image-preview:large","max-video-preview":"max-video-preview:-1"},"canonical":"https:\/\/www.vcgamers.com\/news\/de\/richtlinien-fur-cyber-medien\/","og_locale":"de_DE","og_type":"article","og_title":"Guideline Media Siber - VCGamers News","og_description":"Peraturan Dewan Pers Kemerdekaan berpendapat, kemerdekaan berekspresi, dan kemerdekaan pers adalah hak asasi manusia yang dilindungi Pancasila, Undang-Undang Dasar","og_url":"https:\/\/www.vcgamers.com\/news\/de\/richtlinien-fur-cyber-medien\/","og_site_name":"VCGamers News","article_publisher":"https:\/\/www.facebook.com\/vcgamers.id\/","article_modified_time":"2022-07-11T07:46:17+00:00","og_image":[{"width":512,"height":512,"url":"https:\/\/storage.googleapis.com\/cdn.vcgamers.com\/news\/wp-content\/uploads\/2024\/02\/ogp-vcg-512.png","type":"image\/png"}],"twitter_card":"summary_large_image","twitter_site":"@vcgamers_io","twitter_misc":{"Gesch\u00e4tzte Lesezeit":"5\u00a0Minuten"},"schema":{"@context":"https:\/\/schema.org","@graph":[{"@type":"WebPage","@id":"https:\/\/www.vcgamers.com\/news\/pedoman-media-siber\/","url":"https:\/\/www.vcgamers.com\/news\/pedoman-media-siber\/","name":"Richtlinien f\u00fcr Cyber-Medien - VCGamers-Nachrichten","isPartOf":{"@id":"https:\/\/www.vcgamers.com\/news\/#website"},"datePublished":"2020-12-06T12:18:51+00:00","dateModified":"2022-07-11T07:46:17+00:00","breadcrumb":{"@id":"https:\/\/www.vcgamers.com\/news\/pedoman-media-siber\/#breadcrumb"},"inLanguage":"de","potentialAction":[{"@type":"ReadAction","target":["https:\/\/www.vcgamers.com\/news\/pedoman-media-siber\/"]}]},{"@type":"BreadcrumbList","@id":"https:\/\/www.vcgamers.com\/news\/pedoman-media-siber\/#breadcrumb","itemListElement":[{"@type":"ListItem","position":1,"name":"Beranda","item":"https:\/\/www.vcgamers.com\/news\/"},{"@type":"ListItem","position":2,"name":"Guideline Media Siber"}]},{"@type":"WebSite","@id":"https:\/\/www.vcgamers.com\/news\/#website","url":"https:\/\/www.vcgamers.com\/news\/","name":"VCGamers News - Holen Sie sich die neuesten Spiele-News nur bei VCGamers","description":"Holen Sie sich die neuesten Spielnachrichten nur bei VCGamers","publisher":{"@id":"https:\/\/www.vcgamers.com\/news\/#organization"},"potentialAction":[{"@type":"SearchAction","target":{"@type":"EntryPoint","urlTemplate":"https:\/\/www.vcgamers.com\/news\/?s={search_term_string}"},"query-input":{"@type":"PropertyValueSpecification","valueRequired":true,"valueName":"search_term_string"}}],"inLanguage":"de"},{"@type":"Organization","@id":"https:\/\/www.vcgamers.com\/news\/#organization","name":"VCGamers","url":"https:\/\/www.vcgamers.com\/news\/","logo":{"@type":"ImageObject","inLanguage":"de","@id":"https:\/\/www.vcgamers.com\/news\/#\/schema\/logo\/image\/","url":"https:\/\/www.vcgamers.com\/news\/wp-content\/uploads\/2023\/05\/VCGamers-1.jpg","contentUrl":"https:\/\/www.vcgamers.com\/news\/wp-content\/uploads\/2023\/05\/VCGamers-1.jpg","width":500,"height":500,"caption":"VCGamers"},"image":{"@id":"https:\/\/www.vcgamers.com\/news\/#\/schema\/logo\/image\/"},"sameAs":["https:\/\/www.facebook.com\/vcgamers.id\/","https:\/\/x.com\/vcgamers_io","https:\/\/www.instagram.com\/vcgamers.id\/","https:\/\/www.linkedin.com\/company\/vcgamers\/mycompany\/","https:\/\/www.youtube.com\/c\/VCGamersIndonesia"]}]}},"_links":{"self":[{"href":"https:\/\/www.vcgamers.com\/news\/de\/wp-json\/wp\/v2\/pages\/1521","targetHints":{"allow":["GET"]}}],"collection":[{"href":"https:\/\/www.vcgamers.com\/news\/de\/wp-json\/wp\/v2\/pages"}],"about":[{"href":"https:\/\/www.vcgamers.com\/news\/de\/wp-json\/wp\/v2\/types\/page"}],"author":[{"embeddable":true,"href":"https:\/\/www.vcgamers.com\/news\/de\/wp-json\/wp\/v2\/users\/2"}],"replies":[{"embeddable":true,"href":"https:\/\/www.vcgamers.com\/news\/de\/wp-json\/wp\/v2\/comments?post=1521"}],"version-history":[{"count":0,"href":"https:\/\/www.vcgamers.com\/news\/de\/wp-json\/wp\/v2\/pages\/1521\/revisions"}],"wp:attachment":[{"href":"https:\/\/www.vcgamers.com\/news\/de\/wp-json\/wp\/v2\/media?parent=1521"}],"curies":[{"name":"wp","href":"https:\/\/api.w.org\/{rel}","templated":true}]}}