{"id":1353,"date":"2020-06-09T09:50:45","date_gmt":"2020-06-09T09:50:45","guid":{"rendered":"https:\/\/allthebestsofts.com\/ceris_demo\/?page_id=3"},"modified":"2023-04-14T09:13:59","modified_gmt":"2023-04-14T02:13:59","slug":"datenschutz-bestimmungen","status":"publish","type":"page","link":"https:\/\/www.vcgamers.com\/news\/de\/privacy-policy\/","title":{"rendered":"Datenschutz-Bestimmungen"},"content":{"rendered":"<p>Der Datenschutz der Besucher ist uns sehr wichtig. Im Folgenden finden Sie Informationen dar\u00fcber, welche Arten von Informationen wir \u00fcber die vcgames.co.id-Website erhalten und sammeln und wie wir diese Informationen sch\u00fctzen. Wir werden Ihre personenbezogenen Daten niemals an Dritte verkaufen.<\/p>\r\n\r\n\r\n\r\n<h2 class=\"wp-block-heading\">Protokolldateien<\/h2>\r\n\r\n\r\n\r\n<p>Wie andere Websites verwendet auch unsere Website Logfiles. Die in der Protokolldatei enthaltenen Informationen umfassen Internetprotokolladressen (IP-Adressen), Browsertyp, Internetdienstanbieter (ISP), Datum \/ Uhrzeit, verweisende Seite und Anzahl der Klicks, um Trends zu analysieren, die Website zu verwalten, Bewegungen der Website-Benutzer zu verfolgen und Informationen zu sammeln .demographisch. IP-Adressen und andere Informationen werden nicht mit personenbezogenen Daten verkn\u00fcpft.<\/p>\r\n\r\n\r\n\r\n<h2 class=\"wp-block-heading\">Cookies und Web-Beacons<\/h2>\r\n\r\n\r\n\r\n<p>Diese Website verwendet Cookies, um Informationen \u00fcber Besucherpr\u00e4ferenzen zu speichern, spezifische Informationen dar\u00fcber aufzuzeichnen, auf welche Seiten der Besucher zugreift, den Seiteninhalt der Website basierend auf dem Browsertyp des Besuchers oder anderen vom Besucher \u00fcber seinen Browser gesendeten Informationen anzupassen.<\/p>\r\n\r\n\r\n\r\n<h2 class=\"wp-block-heading\">DoubleClick DART-Cookies<\/h2>\r\n\r\n\r\n\r\n<p>Google als Drittanbieter verwendet Cookies, um Werbung auf dieser Website bereitzustellen, und die Verwendung des DART-Cookies erm\u00f6glicht es ihnen, Besuchern Werbung basierend auf ihrem Besuch auf der Website vcgames.co.id und anderen Websites im Internet bereitzustellen. Google als Drittanbieter verwendet Cookies, um Werbung auf dieser Website bereitzustellen, und die Verwendung des DART-Cookies erm\u00f6glicht es ihnen, Besuchern Werbung basierend auf ihrem Besuch auf der Website vcgames.co.id und anderen Websites im Internet bereitzustellen.<\/p>\r\n\r\n\r\n\r\n<p>Benutzer k\u00f6nnen der Verwendung des DART-Cookies widersprechen, indem sie den Abschnitt mit den Datenschutzrichtlinien von Google und dem Inhaltsnetzwerk unter der folgenden URL besuchen \u2013 <a class=\"rank-math-link\" href=\"http:\/\/www.google.com\/privacy_ads.html\" target=\"_blank\" rel=\"noreferrer noopener\">http:\/\/www.google.com\/privacy_ads.html<\/a><\/p>\r\n\r\n\r\n\r\n<p>Einige unserer Werbepartner verwenden m\u00f6glicherweise Cookies und Web Beacons auf unserer Website. Die auf dieser Website verwendeten Werbepartner sind Google Adsense, Amazon Affiliate, ClickBank und andere Affiliate-Programme.<\/p>\r\n\r\n\r\n\r\n<p>Diese Drittanbieter oder Werbenetzwerke verwenden Technologien, um zu erm\u00f6glichen, dass Werbung und Links von Websites direkt an Ihren Browser gesendet werden. In diesem Fall erhalten sie automatisch Ihre IP-Adresse.<\/p>\r\n\r\n\r\n\r\n<p>Andere Technologien (wie Cookies, JavaScript oder Web-Beacons) k\u00f6nnen auch von Drittanbietern verwendet werden, um die Wirksamkeit ihrer Werbung zu messen oder die Werbeinhalte, die Sie sehen, zu personalisieren.<\/p>\r\n\r\n\r\n\r\n<p>Diese Website hat keinen Zugriff auf Kontroll-Cookies, die von Drittanbietern gesetzt wurden.<\/p>\r\n\r\n\r\n\r\n<p>Sie sollten die jeweiligen Datenschutzrichtlinien dieser Drittanbieter von Anzeigen lesen, um detailliertere Informationen \u00fcber ihre Praktiken oder Arbeitsweisen oder Anweisungen zum Deaktivieren bestimmter Praktiken zu erhalten.<br \/>Die Datenschutzrichtlinie der Website vcgames.co.id gilt nicht und kann die Aktivit\u00e4ten von Anzeigenanbietern und deren Websites nicht kontrollieren.<\/p>\r\n\r\n\r\n\r\n<p>Wenn Sie Cookies deaktivieren m\u00f6chten, k\u00f6nnen Sie dies \u00fcber Ihre pers\u00f6nlichen Auswahlm\u00f6glichkeiten in Ihrem Browser tun. Ausf\u00fchrlichere Informationen zur Cookie-Verwaltung mit bestimmten Webbrowsern finden Sie auf den jeweiligen Websites der Browser.<\/p>\r\n\r\n\r\n\r\n<p>Wenn Sie weitere Informationen ben\u00f6tigen oder Fragen zu unserer Datenschutzrichtlinie haben, wenden Sie sich bitte per E-Mail an uns <a class=\"rank-math-link\" href=\"mailto:partner@vcgamers.com\">partner@vcgamers.com<\/a><\/p>","protected":false},"excerpt":{"rendered":"<p>Der Datenschutz der Besucher ist uns sehr wichtig. Im Folgenden finden Sie Informationen dar\u00fcber, welche Arten von Informationen wir akzeptieren und<\/p>","protected":false},"author":2,"featured_media":0,"parent":0,"menu_order":0,"comment_status":"closed","ping_status":"open","template":"","meta":{"footnotes":""},"class_list":["post-1353","page","type-page","status-publish","hentry"],"pp_statuses_selecting_workflow":false,"pp_workflow_action":"current","pp_status_selection":"publish","yoast_head":"<!-- This site is optimized with the Yoast SEO plugin v27.1.1 - https:\/\/yoast.com\/product\/yoast-seo-wordpress\/ -->\n<title>Privacy Policy - VCGamers News<\/title>\n<meta name=\"robots\" content=\"index, follow, max-snippet:-1, max-image-preview:large, max-video-preview:-1\" \/>\n<link rel=\"canonical\" href=\"https:\/\/www.vcgamers.com\/news\/de\/datenschutz-bestimmungen\/\" \/>\n<meta property=\"og:locale\" content=\"de_DE\" \/>\n<meta property=\"og:type\" content=\"article\" \/>\n<meta property=\"og:title\" content=\"Privacy Policy - VCGamers News\" \/>\n<meta property=\"og:description\" content=\"Privasi pengunjung sangatlah penting bagi kami. Berikut ini adalah informasi mengenai tipe informasi seperti apa yang kami terima dan\" \/>\n<meta property=\"og:url\" content=\"https:\/\/www.vcgamers.com\/news\/de\/datenschutz-bestimmungen\/\" \/>\n<meta property=\"og:site_name\" content=\"VCGamers News\" \/>\n<meta property=\"article:publisher\" content=\"https:\/\/www.facebook.com\/vcgamers.id\/\" \/>\n<meta property=\"article:modified_time\" content=\"2023-04-14T02:13:59+00:00\" \/>\n<meta property=\"og:image\" content=\"https:\/\/storage.googleapis.com\/cdn.vcgamers.com\/news\/wp-content\/uploads\/2024\/02\/ogp-vcg-512.png\" \/>\n\t<meta property=\"og:image:width\" content=\"512\" \/>\n\t<meta property=\"og:image:height\" content=\"512\" \/>\n\t<meta property=\"og:image:type\" content=\"image\/png\" \/>\n<meta name=\"twitter:card\" content=\"summary_large_image\" \/>\n<meta name=\"twitter:site\" content=\"@vcgamers_io\" \/>\n<meta name=\"twitter:label1\" content=\"Gesch\u00e4tzte Lesezeit\" \/>\n\t<meta name=\"twitter:data1\" content=\"2\u00a0Minuten\" \/>\n<script type=\"application\/ld+json\" class=\"yoast-schema-graph\">{\"@context\":\"https:\/\/schema.org\",\"@graph\":[{\"@type\":\"WebPage\",\"@id\":\"https:\/\/www.vcgamers.com\/news\/privacy-policy\/\",\"url\":\"https:\/\/www.vcgamers.com\/news\/privacy-policy\/\",\"name\":\"Privacy Policy - VCGamers News\",\"isPartOf\":{\"@id\":\"https:\/\/www.vcgamers.com\/news\/#website\"},\"datePublished\":\"2020-06-09T09:50:45+00:00\",\"dateModified\":\"2023-04-14T02:13:59+00:00\",\"breadcrumb\":{\"@id\":\"https:\/\/www.vcgamers.com\/news\/privacy-policy\/#breadcrumb\"},\"inLanguage\":\"de\",\"potentialAction\":[{\"@type\":\"ReadAction\",\"target\":[\"https:\/\/www.vcgamers.com\/news\/privacy-policy\/\"]}]},{\"@type\":\"BreadcrumbList\",\"@id\":\"https:\/\/www.vcgamers.com\/news\/privacy-policy\/#breadcrumb\",\"itemListElement\":[{\"@type\":\"ListItem\",\"position\":1,\"name\":\"Beranda\",\"item\":\"https:\/\/www.vcgamers.com\/news\/\"},{\"@type\":\"ListItem\",\"position\":2,\"name\":\"Privacy Policy\"}]},{\"@type\":\"WebSite\",\"@id\":\"https:\/\/www.vcgamers.com\/news\/#website\",\"url\":\"https:\/\/www.vcgamers.com\/news\/\",\"name\":\"VCGamers News - Dapatkan Berita Game Terbaru Hanya di VCGamers\",\"description\":\"Dapatkan Berita Games Terbaru Hanya di VCGamers\",\"publisher\":{\"@id\":\"https:\/\/www.vcgamers.com\/news\/#organization\"},\"potentialAction\":[{\"@type\":\"SearchAction\",\"target\":{\"@type\":\"EntryPoint\",\"urlTemplate\":\"https:\/\/www.vcgamers.com\/news\/?s={search_term_string}\"},\"query-input\":{\"@type\":\"PropertyValueSpecification\",\"valueRequired\":true,\"valueName\":\"search_term_string\"}}],\"inLanguage\":\"de\"},{\"@type\":\"Organization\",\"@id\":\"https:\/\/www.vcgamers.com\/news\/#organization\",\"name\":\"VCGamers\",\"url\":\"https:\/\/www.vcgamers.com\/news\/\",\"logo\":{\"@type\":\"ImageObject\",\"inLanguage\":\"de\",\"@id\":\"https:\/\/www.vcgamers.com\/news\/#\/schema\/logo\/image\/\",\"url\":\"https:\/\/www.vcgamers.com\/news\/wp-content\/uploads\/2023\/05\/VCGamers-1.jpg\",\"contentUrl\":\"https:\/\/www.vcgamers.com\/news\/wp-content\/uploads\/2023\/05\/VCGamers-1.jpg\",\"width\":500,\"height\":500,\"caption\":\"VCGamers\"},\"image\":{\"@id\":\"https:\/\/www.vcgamers.com\/news\/#\/schema\/logo\/image\/\"},\"sameAs\":[\"https:\/\/www.facebook.com\/vcgamers.id\/\",\"https:\/\/x.com\/vcgamers_io\",\"https:\/\/www.instagram.com\/vcgamers.id\/\",\"https:\/\/www.linkedin.com\/company\/vcgamers\/mycompany\/\",\"https:\/\/www.youtube.com\/c\/VCGamersIndonesia\"]}]}<\/script>\n<!-- \/ Yoast SEO plugin. -->","yoast_head_json":{"title":"Datenschutzrichtlinie - VCGamers-Nachrichten","robots":{"index":"index","follow":"follow","max-snippet":"max-snippet:-1","max-image-preview":"max-image-preview:large","max-video-preview":"max-video-preview:-1"},"canonical":"https:\/\/www.vcgamers.com\/news\/de\/datenschutz-bestimmungen\/","og_locale":"de_DE","og_type":"article","og_title":"Privacy Policy - VCGamers News","og_description":"Privasi pengunjung sangatlah penting bagi kami. Berikut ini adalah informasi mengenai tipe informasi seperti apa yang kami terima dan","og_url":"https:\/\/www.vcgamers.com\/news\/de\/datenschutz-bestimmungen\/","og_site_name":"VCGamers News","article_publisher":"https:\/\/www.facebook.com\/vcgamers.id\/","article_modified_time":"2023-04-14T02:13:59+00:00","og_image":[{"width":512,"height":512,"url":"https:\/\/storage.googleapis.com\/cdn.vcgamers.com\/news\/wp-content\/uploads\/2024\/02\/ogp-vcg-512.png","type":"image\/png"}],"twitter_card":"summary_large_image","twitter_site":"@vcgamers_io","twitter_misc":{"Gesch\u00e4tzte Lesezeit":"2\u00a0Minuten"},"schema":{"@context":"https:\/\/schema.org","@graph":[{"@type":"WebPage","@id":"https:\/\/www.vcgamers.com\/news\/privacy-policy\/","url":"https:\/\/www.vcgamers.com\/news\/privacy-policy\/","name":"Datenschutzrichtlinie - VCGamers-Nachrichten","isPartOf":{"@id":"https:\/\/www.vcgamers.com\/news\/#website"},"datePublished":"2020-06-09T09:50:45+00:00","dateModified":"2023-04-14T02:13:59+00:00","breadcrumb":{"@id":"https:\/\/www.vcgamers.com\/news\/privacy-policy\/#breadcrumb"},"inLanguage":"de","potentialAction":[{"@type":"ReadAction","target":["https:\/\/www.vcgamers.com\/news\/privacy-policy\/"]}]},{"@type":"BreadcrumbList","@id":"https:\/\/www.vcgamers.com\/news\/privacy-policy\/#breadcrumb","itemListElement":[{"@type":"ListItem","position":1,"name":"Beranda","item":"https:\/\/www.vcgamers.com\/news\/"},{"@type":"ListItem","position":2,"name":"Privacy Policy"}]},{"@type":"WebSite","@id":"https:\/\/www.vcgamers.com\/news\/#website","url":"https:\/\/www.vcgamers.com\/news\/","name":"VCGamers News - Holen Sie sich die neuesten Spiele-News nur bei VCGamers","description":"Holen Sie sich die neuesten Spielnachrichten nur bei VCGamers","publisher":{"@id":"https:\/\/www.vcgamers.com\/news\/#organization"},"potentialAction":[{"@type":"SearchAction","target":{"@type":"EntryPoint","urlTemplate":"https:\/\/www.vcgamers.com\/news\/?s={search_term_string}"},"query-input":{"@type":"PropertyValueSpecification","valueRequired":true,"valueName":"search_term_string"}}],"inLanguage":"de"},{"@type":"Organization","@id":"https:\/\/www.vcgamers.com\/news\/#organization","name":"VCGamers","url":"https:\/\/www.vcgamers.com\/news\/","logo":{"@type":"ImageObject","inLanguage":"de","@id":"https:\/\/www.vcgamers.com\/news\/#\/schema\/logo\/image\/","url":"https:\/\/www.vcgamers.com\/news\/wp-content\/uploads\/2023\/05\/VCGamers-1.jpg","contentUrl":"https:\/\/www.vcgamers.com\/news\/wp-content\/uploads\/2023\/05\/VCGamers-1.jpg","width":500,"height":500,"caption":"VCGamers"},"image":{"@id":"https:\/\/www.vcgamers.com\/news\/#\/schema\/logo\/image\/"},"sameAs":["https:\/\/www.facebook.com\/vcgamers.id\/","https:\/\/x.com\/vcgamers_io","https:\/\/www.instagram.com\/vcgamers.id\/","https:\/\/www.linkedin.com\/company\/vcgamers\/mycompany\/","https:\/\/www.youtube.com\/c\/VCGamersIndonesia"]}]}},"_links":{"self":[{"href":"https:\/\/www.vcgamers.com\/news\/de\/wp-json\/wp\/v2\/pages\/1353","targetHints":{"allow":["GET"]}}],"collection":[{"href":"https:\/\/www.vcgamers.com\/news\/de\/wp-json\/wp\/v2\/pages"}],"about":[{"href":"https:\/\/www.vcgamers.com\/news\/de\/wp-json\/wp\/v2\/types\/page"}],"author":[{"embeddable":true,"href":"https:\/\/www.vcgamers.com\/news\/de\/wp-json\/wp\/v2\/users\/2"}],"replies":[{"embeddable":true,"href":"https:\/\/www.vcgamers.com\/news\/de\/wp-json\/wp\/v2\/comments?post=1353"}],"version-history":[{"count":0,"href":"https:\/\/www.vcgamers.com\/news\/de\/wp-json\/wp\/v2\/pages\/1353\/revisions"}],"wp:attachment":[{"href":"https:\/\/www.vcgamers.com\/news\/de\/wp-json\/wp\/v2\/media?parent=1353"}],"curies":[{"name":"wp","href":"https:\/\/api.w.org\/{rel}","templated":true}]}}